{"id":2,"date":"2022-08-23T04:32:25","date_gmt":"2022-08-23T04:32:25","guid":{"rendered":"https:\/\/implementosbruni.com.ar\/?page_id=2"},"modified":"2024-05-16T23:13:04","modified_gmt":"2024-05-16T23:13:04","slug":"implementos-agricolas","status":"publish","type":"page","link":"https:\/\/implementosbruni.com.ar\/index.php\/implementos-agricolas\/","title":{"rendered":"Landing"},"content":{"rendered":"<style>\/*! elementor - v3.15.0 - 20-08-2023 *\/\n.elementor-heading-title{padding:0;margin:0;line-height:1}.elementor-widget-heading .elementor-heading-title[class*=elementor-size-]>a{color:inherit;font-size:inherit;line-height:inherit}.elementor-widget-heading .elementor-heading-title.elementor-size-small{font-size:15px}.elementor-widget-heading .elementor-heading-title.elementor-size-medium{font-size:19px}.elementor-widget-heading .elementor-heading-title.elementor-size-large{font-size:29px}.elementor-widget-heading .elementor-heading-title.elementor-size-xl{font-size:39px}.elementor-widget-heading .elementor-heading-title.elementor-size-xxl{font-size:59px}<\/style>\n<h1>Implentos Agr\u00edcolas<\/h1>\n<p>\t\t\t<a href=\"https:\/\/walink.co\/d7e8ec\"><br \/>\n\t\t\t\t\t\tConsultanos!<br \/>\n\t\t\t\t\t<\/a><\/p>\n<style>\/*! elementor - v3.15.0 - 20-08-2023 *\/\n.elementor-column .elementor-spacer-inner{height:var(--spacer-size)}.e-con{--container-widget-width:100%}.e-con-inner>.elementor-widget-spacer,.e-con>.elementor-widget-spacer{width:var(--container-widget-width,var(--spacer-size));--align-self:var(--container-widget-align-self,initial);--flex-shrink:0}.e-con-inner>.elementor-widget-spacer>.elementor-widget-container,.e-con-inner>.elementor-widget-spacer>.elementor-widget-container>.elementor-spacer,.e-con>.elementor-widget-spacer>.elementor-widget-container,.e-con>.elementor-widget-spacer>.elementor-widget-container>.elementor-spacer{height:100%}.e-con-inner>.elementor-widget-spacer>.elementor-widget-container>.elementor-spacer>.elementor-spacer-inner,.e-con>.elementor-widget-spacer>.elementor-widget-container>.elementor-spacer>.elementor-spacer-inner{height:var(--container-widget-height,var(--spacer-size))}<\/style>\n<h1>Termina con tus Malezas!!!<\/h1>\n<p><strong>Implementos Bruni<\/strong> \u00a0<\/p>\n<p>Nuestros implementos no son solo herramientas; son la manifestaci\u00f3n de la innovaci\u00f3n, la calidad y la confianza en cada surco de esta tierra. Al elegir Implementos Bruni, eliges una pasi\u00f3n inquebrantable por el campo, una determinaci\u00f3n constante para mejorar la agricultura y un compromiso con un futuro agr\u00edcola m\u00e1s pr\u00f3spero y brillante.<\/p>\n<p><strong>Conoc\u00e9 nuestra amplia gama de implementos agr\u00edcolas <\/strong><strong>que tenemos para tus maquinarias.<\/strong><\/p>\n<p>.<\/p>\n<p>\t\t\t<a href=\"https:\/\/walink.co\/d7e8ec\"><br \/>\n\t\t\t\t\t\tSaber M\u00e1s<br \/>\n\t\t\t\t\t<\/a><\/p>\n<style>\/*! elementor - v3.15.0 - 20-08-2023 *\/\n.elementor-widget-image{text-align:center}.elementor-widget-image a{display:inline-block}.elementor-widget-image a img[src$=\".svg\"]{width:48px}.elementor-widget-image img{vertical-align:middle;display:inline-block}<\/style>\n<p>\t\t\t\t\t\t\t\t\t\t\t\t<img decoding=\"async\" width=\"1024\" height=\"679\" src=\"https:\/\/implementosbruni.com.ar\/wp-content\/uploads\/2023\/03\/productos-1024x679.jpg\" alt=\"\" srcset=\"https:\/\/implementosbruni.com.ar\/wp-content\/uploads\/2023\/03\/productos-200x133.jpg 200w, https:\/\/implementosbruni.com.ar\/wp-content\/uploads\/2023\/03\/productos-300x199.jpg 300w, https:\/\/implementosbruni.com.ar\/wp-content\/uploads\/2023\/03\/productos-400x265.jpg 400w, https:\/\/implementosbruni.com.ar\/wp-content\/uploads\/2023\/03\/productos-500x331.jpg 500w, https:\/\/implementosbruni.com.ar\/wp-content\/uploads\/2023\/03\/productos-600x398.jpg 600w, https:\/\/implementosbruni.com.ar\/wp-content\/uploads\/2023\/03\/productos-700x464.jpg 700w, https:\/\/implementosbruni.com.ar\/wp-content\/uploads\/2023\/03\/productos-768x509.jpg 768w, https:\/\/implementosbruni.com.ar\/wp-content\/uploads\/2023\/03\/productos-800x530.jpg 800w, https:\/\/implementosbruni.com.ar\/wp-content\/uploads\/2023\/03\/productos-1024x679.jpg 1024w, https:\/\/implementosbruni.com.ar\/wp-content\/uploads\/2023\/03\/productos-1200x795.jpg 1200w, https:\/\/implementosbruni.com.ar\/wp-content\/uploads\/2023\/03\/productos-1536x1018.jpg 1536w\" sizes=\"(max-width: 1024px) 100vw, 1024px\" \/><br \/>\n\t\t\t\t\t\t\t\t\t\t\t\t\t\t\t<img decoding=\"async\" width=\"576\" height=\"1024\" src=\"https:\/\/implementosbruni.com.ar\/wp-content\/uploads\/2024\/05\/644-576x1024.jpg\" alt=\"\" srcset=\"https:\/\/implementosbruni.com.ar\/wp-content\/uploads\/2024\/05\/644-169x300.jpg 169w, https:\/\/implementosbruni.com.ar\/wp-content\/uploads\/2024\/05\/644-200x356.jpg 200w, https:\/\/implementosbruni.com.ar\/wp-content\/uploads\/2024\/05\/644-400x711.jpg 400w, https:\/\/implementosbruni.com.ar\/wp-content\/uploads\/2024\/05\/644-500x889.jpg 500w, https:\/\/implementosbruni.com.ar\/wp-content\/uploads\/2024\/05\/644-576x1024.jpg 576w, https:\/\/implementosbruni.com.ar\/wp-content\/uploads\/2024\/05\/644-600x1067.jpg 600w, https:\/\/implementosbruni.com.ar\/wp-content\/uploads\/2024\/05\/644-700x1244.jpg 700w, https:\/\/implementosbruni.com.ar\/wp-content\/uploads\/2024\/05\/644-768x1365.jpg 768w, https:\/\/implementosbruni.com.ar\/wp-content\/uploads\/2024\/05\/644-800x1422.jpg 800w, https:\/\/implementosbruni.com.ar\/wp-content\/uploads\/2024\/05\/644-864x1536.jpg 864w, https:\/\/implementosbruni.com.ar\/wp-content\/uploads\/2024\/05\/644.jpg 1080w\" sizes=\"(max-width: 576px) 100vw, 576px\" \/><br \/>\n\t\t\t\t\t\t\t\t\t\t\t\t\t\t\t<img decoding=\"async\" width=\"576\" height=\"1024\" src=\"https:\/\/implementosbruni.com.ar\/wp-content\/uploads\/2024\/05\/830-576x1024.jpg\" alt=\"\" srcset=\"https:\/\/implementosbruni.com.ar\/wp-content\/uploads\/2024\/05\/830-169x300.jpg 169w, https:\/\/implementosbruni.com.ar\/wp-content\/uploads\/2024\/05\/830-200x356.jpg 200w, https:\/\/implementosbruni.com.ar\/wp-content\/uploads\/2024\/05\/830-400x711.jpg 400w, https:\/\/implementosbruni.com.ar\/wp-content\/uploads\/2024\/05\/830-500x889.jpg 500w, https:\/\/implementosbruni.com.ar\/wp-content\/uploads\/2024\/05\/830-576x1024.jpg 576w, https:\/\/implementosbruni.com.ar\/wp-content\/uploads\/2024\/05\/830-600x1067.jpg 600w, https:\/\/implementosbruni.com.ar\/wp-content\/uploads\/2024\/05\/830-700x1244.jpg 700w, https:\/\/implementosbruni.com.ar\/wp-content\/uploads\/2024\/05\/830-768x1365.jpg 768w, https:\/\/implementosbruni.com.ar\/wp-content\/uploads\/2024\/05\/830-800x1422.jpg 800w, https:\/\/implementosbruni.com.ar\/wp-content\/uploads\/2024\/05\/830-864x1536.jpg 864w, https:\/\/implementosbruni.com.ar\/wp-content\/uploads\/2024\/05\/830.jpg 1080w\" sizes=\"(max-width: 576px) 100vw, 576px\" \/><br \/>\n\t\t\t\t\t\t\t\t\t\t\t\t\t\t\t<img decoding=\"async\" width=\"576\" height=\"1024\" src=\"https:\/\/implementosbruni.com.ar\/wp-content\/uploads\/2024\/05\/1316-576x1024.jpg\" alt=\"\" srcset=\"https:\/\/implementosbruni.com.ar\/wp-content\/uploads\/2024\/05\/1316-169x300.jpg 169w, https:\/\/implementosbruni.com.ar\/wp-content\/uploads\/2024\/05\/1316-200x356.jpg 200w, https:\/\/implementosbruni.com.ar\/wp-content\/uploads\/2024\/05\/1316-400x711.jpg 400w, https:\/\/implementosbruni.com.ar\/wp-content\/uploads\/2024\/05\/1316-500x889.jpg 500w, https:\/\/implementosbruni.com.ar\/wp-content\/uploads\/2024\/05\/1316-576x1024.jpg 576w, https:\/\/implementosbruni.com.ar\/wp-content\/uploads\/2024\/05\/1316-600x1067.jpg 600w, https:\/\/implementosbruni.com.ar\/wp-content\/uploads\/2024\/05\/1316-700x1244.jpg 700w, https:\/\/implementosbruni.com.ar\/wp-content\/uploads\/2024\/05\/1316-768x1365.jpg 768w, https:\/\/implementosbruni.com.ar\/wp-content\/uploads\/2024\/05\/1316-800x1422.jpg 800w, https:\/\/implementosbruni.com.ar\/wp-content\/uploads\/2024\/05\/1316-864x1536.jpg 864w, https:\/\/implementosbruni.com.ar\/wp-content\/uploads\/2024\/05\/1316.jpg 1080w\" sizes=\"(max-width: 576px) 100vw, 576px\" \/><br \/>\n\t\t\t<a href=\"https:\/\/walink.co\/d7e8ec\"><br \/>\n\t\t\t\t\t\tConsultanos!<br \/>\n\t\t\t\t\t<\/a><\/p>\n","protected":false},"excerpt":{"rendered":"<p>Implentos Agr\u00edcolas Consultanos! Termina con tus Malezas!!! Implementos Bruni \u00a0 [&hellip;]<\/p>\n","protected":false},"author":1,"featured_media":0,"parent":0,"menu_order":0,"comment_status":"closed","ping_status":"closed","template":"elementor_canvas","meta":{"_joinchat":{"telephone":"+543571314413"},"footnotes":""},"class_list":["post-2","page","type-page","status-publish","hentry"],"_links":{"self":[{"href":"https:\/\/implementosbruni.com.ar\/index.php\/wp-json\/wp\/v2\/pages\/2","targetHints":{"allow":["GET"]}}],"collection":[{"href":"https:\/\/implementosbruni.com.ar\/index.php\/wp-json\/wp\/v2\/pages"}],"about":[{"href":"https:\/\/implementosbruni.com.ar\/index.php\/wp-json\/wp\/v2\/types\/page"}],"author":[{"embeddable":true,"href":"https:\/\/implementosbruni.com.ar\/index.php\/wp-json\/wp\/v2\/users\/1"}],"replies":[{"embeddable":true,"href":"https:\/\/implementosbruni.com.ar\/index.php\/wp-json\/wp\/v2\/comments?post=2"}],"version-history":[{"count":74,"href":"https:\/\/implementosbruni.com.ar\/index.php\/wp-json\/wp\/v2\/pages\/2\/revisions"}],"predecessor-version":[{"id":328,"href":"https:\/\/implementosbruni.com.ar\/index.php\/wp-json\/wp\/v2\/pages\/2\/revisions\/328"}],"wp:attachment":[{"href":"https:\/\/implementosbruni.com.ar\/index.php\/wp-json\/wp\/v2\/media?parent=2"}],"curies":[{"name":"wp","href":"https:\/\/api.w.org\/{rel}","templated":true}]}}